{"id":20,"date":"2025-07-07T21:17:38","date_gmt":"2025-07-07T21:17:38","guid":{"rendered":"https:\/\/edgetvqc.com\/?page_id=20"},"modified":"2026-04-08T23:52:30","modified_gmt":"2026-04-08T23:52:30","slug":"contact","status":"publish","type":"page","link":"https:\/\/edgetvqc.com\/index.php\/contact\/","title":{"rendered":"Contact"},"content":{"rendered":"\t\t<div data-elementor-type=\"wp-post\" data-elementor-id=\"20\" class=\"elementor elementor-20\" data-elementor-post-type=\"page\">\n\t\t\t\t<div class=\"elementor-element elementor-element-5f68364 e-flex e-con-boxed e-con e-parent\" data-id=\"5f68364\" data-element_type=\"container\" data-e-type=\"container\">\n\t\t\t\t\t<div class=\"e-con-inner\">\n\t\t\t\t<div class=\"elementor-element elementor-element-f93b9f1 elementor-widget elementor-widget-heading\" data-id=\"f93b9f1\" data-element_type=\"widget\" data-e-type=\"widget\" data-widget_type=\"heading.default\">\n\t\t\t\t\t<h2 class=\"elementor-heading-title elementor-size-default\">Comment pouvons-nous vous aider?<\/h2>\t\t\t\t<\/div>\n\t\t\t\t<div class=\"elementor-element elementor-element-3cec415 elementor-button-align-stretch elementor-widget elementor-widget-form\" data-id=\"3cec415\" data-element_type=\"widget\" data-e-type=\"widget\" data-settings=\"{&quot;step_next_label&quot;:&quot;Suivant&quot;,&quot;step_previous_label&quot;:&quot;Pr\\u00e9c\\u00e9dent&quot;,&quot;button_width&quot;:&quot;100&quot;,&quot;step_type&quot;:&quot;number_text&quot;,&quot;step_icon_shape&quot;:&quot;circle&quot;}\" data-widget_type=\"form.default\">\n\t\t\t\t\t\t\t<form class=\"elementor-form\" method=\"post\" name=\"Nouveau formulaire\" aria-label=\"Nouveau formulaire\">\n\t\t\t<input type=\"hidden\" name=\"post_id\" value=\"20\"\/>\n\t\t\t<input type=\"hidden\" name=\"form_id\" value=\"3cec415\"\/>\n\t\t\t<input type=\"hidden\" name=\"referer_title\" value=\"Contact - Edge Tv Qu\u00e9bec\" \/>\n\n\t\t\t\t\t\t\t<input type=\"hidden\" name=\"queried_id\" value=\"20\"\/>\n\t\t\t\n\t\t\t<div class=\"elementor-form-fields-wrapper elementor-labels-above\">\n\t\t\t\t\t\t\t\t<div class=\"elementor-field-type-text elementor-field-group elementor-column elementor-field-group-name elementor-col-100\">\n\t\t\t\t\t\t\t\t\t\t\t\t<label for=\"form-field-name\" class=\"elementor-field-label\">\n\t\t\t\t\t\t\t\tNom\t\t\t\t\t\t\t<\/label>\n\t\t\t\t\t\t\t\t\t\t\t\t\t\t<input size=\"1\" type=\"text\" name=\"form_fields[name]\" id=\"form-field-name\" class=\"elementor-field elementor-size-sm  elementor-field-textual\" placeholder=\"Nom complet.*\">\n\t\t\t\t\t\t\t\t\t\t\t<\/div>\n\t\t\t\t\t\t\t\t<div class=\"elementor-field-type-email elementor-field-group elementor-column elementor-field-group-email elementor-col-100 elementor-field-required\">\n\t\t\t\t\t\t\t\t\t\t\t\t<label for=\"form-field-email\" class=\"elementor-field-label\">\n\t\t\t\t\t\t\t\tE-mail\t\t\t\t\t\t\t<\/label>\n\t\t\t\t\t\t\t\t\t\t\t\t\t\t<input size=\"1\" type=\"email\" name=\"form_fields[email]\" id=\"form-field-email\" class=\"elementor-field elementor-size-sm  elementor-field-textual\" placeholder=\"E-mail\" required=\"required\">\n\t\t\t\t\t\t\t\t\t\t\t<\/div>\n\t\t\t\t\t\t\t\t<div class=\"elementor-field-type-textarea elementor-field-group elementor-column elementor-field-group-message elementor-col-100\">\n\t\t\t\t\t\t\t\t\t\t\t\t<label for=\"form-field-message\" class=\"elementor-field-label\">\n\t\t\t\t\t\t\t\tMessage\t\t\t\t\t\t\t<\/label>\n\t\t\t\t\t\t<textarea class=\"elementor-field-textual elementor-field  elementor-size-sm\" name=\"form_fields[message]\" id=\"form-field-message\" rows=\"4\" placeholder=\"Veuillez entrer une br\u00e8ve description.*\"><\/textarea>\t\t\t\t<\/div>\n\t\t\t\t\t\t\t\t<div class=\"elementor-field-type-text elementor-field-group elementor-column elementor-field-group-field_ba917ff elementor-col-100\">\n\t\t\t\t\t\t\t\t\t\t\t\t<label for=\"form-field-field_ba917ff\" class=\"elementor-field-label\">\n\t\t\t\t\t\t\t\tT\u00e9l\u00e9phone\t\t\t\t\t\t\t<\/label>\n\t\t\t\t\t\t\t\t\t\t\t\t\t\t<input size=\"1\" type=\"text\" name=\"form_fields[field_ba917ff]\" id=\"form-field-field_ba917ff\" class=\"elementor-field elementor-size-sm  elementor-field-textual\" placeholder=\"T\u00e9l\u00e9phone\">\n\t\t\t\t\t\t\t\t\t\t\t<\/div>\n\t\t\t\t\t\t\t\t<div class=\"elementor-field-group elementor-column elementor-field-type-submit elementor-col-100 e-form__buttons\">\n\t\t\t\t\t<button class=\"elementor-button elementor-size-sm\" type=\"submit\">\n\t\t\t\t\t\t<span class=\"elementor-button-content-wrapper\">\n\t\t\t\t\t\t\t\t\t\t\t\t\t\t\t\t\t\t\t\t\t\t<span class=\"elementor-button-text\">Envoyer<\/span>\n\t\t\t\t\t\t\t\t\t\t\t\t\t<\/span>\n\t\t\t\t\t<\/button>\n\t\t\t\t<\/div>\n\t\t\t<\/div>\n\t\t<\/form>\n\t\t\t\t\t\t<\/div>\n\t\t\t\t\t<\/div>\n\t\t\t\t<\/div>\n\t\t<div class=\"elementor-element elementor-element-bc04f52 e-flex e-con-boxed e-con e-parent\" data-id=\"bc04f52\" data-element_type=\"container\" data-e-type=\"container\">\n\t\t\t\t\t<div class=\"e-con-inner\">\n\t\t\t\t<div class=\"elementor-element elementor-element-9074966 elementor-widget elementor-widget-html\" data-id=\"9074966\" data-element_type=\"widget\" data-e-type=\"widget\" data-widget_type=\"html.default\">\n\t\t\t\t\t<div style=\"background:#151e30; border:1px solid rgba(27,200,240,0.15); border-top:3px solid #1bc8f0; border-radius:16px; padding:36px 28px; max-width:380px; margin:0 auto; text-align:center;\">\r\n\r\n  <div style=\"width:56px; height:56px; background:rgba(27,200,240,0.12); border-radius:50%; display:flex; align-items:center; justify-content:center; margin:0 auto 16px;\">\r\n    <svg width=\"26\" height=\"26\" viewBox=\"0 0 24 24\" fill=\"none\" stroke=\"#1bc8f0\" stroke-width=\"2\" stroke-linecap=\"round\"><circle cx=\"12\" cy=\"12\" r=\"10\"\/><path d=\"M12 6v6l4 2\"\/><\/svg>\r\n  <\/div>\r\n\r\n  <p style=\"color:#1bc8f0; font-size:11px; letter-spacing:3px; text-transform:uppercase; margin-bottom:10px;\">Disponibilit\u00e9<\/p>\r\n  <h3 style=\"color:#fff; font-size:22px; font-weight:900; margin-bottom:6px;\">Heures d'ouverture<\/h3>\r\n  <div style=\"width:40px; height:3px; background:#1bc8f0; border-radius:2px; margin:0 auto 24px;\"><\/div>\r\n\r\n  <div style=\"background:#0d0d0d; border-radius:12px; padding:20px; margin-bottom:12px;\">\r\n    <p style=\"color:#1bc8f0; font-size:10px; font-weight:800; letter-spacing:3px; text-transform:uppercase; margin-bottom:8px;\">SEMAINE<\/p>\r\n    <p style=\"color:#8892a4; font-size:13px; margin-bottom:6px;\">Lundi \u2014 Vendredi<\/p>\r\n    <p style=\"color:#fff; font-size:26px; font-weight:900;\">9h00 \u2014 22h00<\/p>\r\n  <\/div>\r\n\r\n  <div style=\"background:#0d0d0d; border-radius:12px; padding:20px;\">\r\n    <p style=\"color:#1bc8f0; font-size:10px; font-weight:800; letter-spacing:3px; text-transform:uppercase; margin-bottom:8px;\">FIN DE SEMAINE<\/p>\r\n    <p style=\"color:#8892a4; font-size:13px; margin-bottom:6px;\">Samedi \u2014 Dimanche<\/p>\r\n    <p style=\"color:#fff; font-size:26px; font-weight:900;\">10h00 \u2014 19h00<\/p>\r\n  <\/div>\r\n\r\n<\/div>\t\t\t\t<\/div>\n\t\t\t\t\t<\/div>\n\t\t\t\t<\/div>\n\t\t<div class=\"elementor-element elementor-element-679ff97 e-flex e-con-boxed e-con e-parent\" data-id=\"679ff97\" data-element_type=\"container\" data-e-type=\"container\">\n\t\t\t\t\t<div class=\"e-con-inner\">\n\t\t\t\t<div class=\"elementor-element elementor-element-0e59a26 elementor-widget elementor-widget-html\" data-id=\"0e59a26\" data-element_type=\"widget\" data-e-type=\"widget\" data-widget_type=\"html.default\">\n\t\t\t\t\t<div style=\"background:#111; padding:50px 24px;\">\r\n  <div style=\"max-width:900px; margin:0 auto;\">\r\n\r\n    <p style=\"color:#1bc8f0; font-size:11px; letter-spacing:3px; text-transform:uppercase; text-align:center; margin-bottom:10px;\">On est l\u00e0 pour vous<\/p>\r\n    <h2 style=\"color:#fff; font-size:32px; font-weight:900; text-align:center; margin-bottom:40px;\">Nous contacter<\/h2>\r\n\r\n    <div style=\"display:grid; grid-template-columns:repeat(auto-fit,minmax(240px,1fr)); gap:16px;\">\r\n\r\n      <!-- T\u00c9L\u00c9PHONE -->\r\n      <div style=\"background:#151e30; border:1px solid rgba(27,200,240,0.12); border-top:3px solid #1bc8f0; border-radius:16px; padding:32px 24px; text-align:center;\">\r\n        <div style=\"width:56px; height:56px; background:rgba(27,200,240,0.12); border-radius:50%; display:flex; align-items:center; justify-content:center; margin:0 auto 16px;\">\r\n          <svg width=\"24\" height=\"24\" viewBox=\"0 0 24 24\" fill=\"none\" stroke=\"#1bc8f0\" stroke-width=\"2\" stroke-linecap=\"round\"><path d=\"M22 16.92v3a2 2 0 01-2.18 2 19.79 19.79 0 01-8.63-3.07A19.5 19.5 0 013.07 9.81a19.79 19.79 0 01-3.07-8.7A2 2 0 012 1h3a2 2 0 012 1.72c.127.96.361 1.903.7 2.81a2 2 0 01-.45 2.11L6.09 8.91a16 16 0 006 6l1.27-1.27a2 2 0 012.11-.45c.907.339 1.85.573 2.81.7A2 2 0 0122 16.92z\"\/><\/svg>\r\n        <\/div>\r\n        <p style=\"color:#1bc8f0; font-size:10px; letter-spacing:3px; text-transform:uppercase; margin-bottom:10px;\">T\u00e9l\u00e9phone<\/p>\r\n        <p style=\"color:#fff; font-size:24px; font-weight:900; margin-bottom:6px;\">581-366-0689<\/p>\r\n        <p style=\"color:#8892a4; font-size:13px; margin-bottom:20px;\">Service \u00e0 la client\u00e8le<\/p>\r\n        <a href=\"tel:5813660689\" style=\"display:block; width:100%; padding:13px; background:#1bc8f0; border-radius:10px; color:#0d1f4e; font-size:14px; font-weight:800; text-decoration:none; text-align:center;\">Appeler maintenant \u2192<\/a>\r\n      <\/div>\r\n\r\n      <!-- COURRIEL -->\r\n      <div style=\"background:#151e30; border:1px solid rgba(27,200,240,0.12); border-top:3px solid #1bc8f0; border-radius:16px; padding:32px 24px; text-align:center;\">\r\n        <div style=\"width:56px; height:56px; background:rgba(27,200,240,0.12); border-radius:50%; display:flex; align-items:center; justify-content:center; margin:0 auto 16px;\">\r\n          <svg width=\"24\" height=\"24\" viewBox=\"0 0 24 24\" fill=\"none\" stroke=\"#1bc8f0\" stroke-width=\"2\" stroke-linecap=\"round\"><path d=\"M4 4h16c1.1 0 2 .9 2 2v12c0 1.1-.9 2-2 2H4c-1.1 0-2-.9-2-2V6c0-1.1.9-2 2-2z\"\/><polyline points=\"22,6 12,13 2,6\"\/><\/svg>\r\n        <\/div>\r\n        <p style=\"color:#1bc8f0; font-size:10px; letter-spacing:3px; text-transform:uppercase; margin-bottom:10px;\">Courriel<\/p>\r\n        <p style=\"color:#fff; font-size:16px; font-weight:800; margin-bottom:6px; word-break:break-all;\">econnect2044@gmail.com<\/p>\r\n        <p style=\"color:#8892a4; font-size:13px; margin-bottom:20px;\">R\u00e9ponse rapide garantie<\/p>\r\n        <a href=\"mailto:econnect2044@gmail.com\" style=\"display:block; width:100%; padding:13px; background:#1a3a6e; border-radius:10px; color:#fff; font-size:14px; font-weight:800; text-decoration:none; text-align:center;\">Envoyer un courriel \u2192<\/a>\r\n      <\/div>\r\n\r\n      <!-- FACEBOOK -->\r\n      <div style=\"background:#151e30; border:1px solid rgba(27,200,240,0.12); border-top:3px solid #1877f2; border-radius:16px; padding:32px 24px; text-align:center;\">\r\n        <div style=\"width:56px; height:56px; background:rgba(24,119,242,0.12); border-radius:50%; display:flex; align-items:center; justify-content:center; margin:0 auto 16px;\">\r\n          <svg width=\"24\" height=\"24\" viewBox=\"0 0 24 24\" fill=\"#1877f2\"><path d=\"M24 12.073c0-6.627-5.373-12-12-12s-12 5.373-12 12c0 5.99 4.388 10.954 10.125 11.854v-8.385H7.078v-3.47h3.047V9.43c0-3.007 1.792-4.669 4.533-4.669 1.312 0 2.686.235 2.686.235v2.953H15.83c-1.491 0-1.956.925-1.956 1.874v2.25h3.328l-.532 3.47h-2.796v8.385C19.612 23.027 24 18.062 24 12.073z\"\/><\/svg>\r\n        <\/div>\r\n        <p style=\"color:#1877f2; font-size:10px; letter-spacing:3px; text-transform:uppercase; margin-bottom:10px;\">R\u00e9seaux sociaux<\/p>\r\n        <p style=\"color:#fff; font-size:20px; font-weight:900; margin-bottom:6px;\">Edge TV Qu\u00e9bec<\/p>\r\n        <p style=\"color:#8892a4; font-size:13px; margin-bottom:20px;\">Suivez-nous pour les nouveaut\u00e9s et promotions<\/p>\r\n        <a href=\"https:\/\/www.facebook.com\/Ohbentvpro\" target=\"_blank\" style=\"display:block; width:100%; padding:13px; background:#1877f2; border-radius:10px; color:#fff; font-size:14px; font-weight:800; text-decoration:none; text-align:center;\">Suivre sur Facebook \u2192<\/a>\r\n      <\/div>\r\n\r\n    <\/div>\r\n  <\/div>\r\n<\/div>\t\t\t\t<\/div>\n\t\t\t\t\t<\/div>\n\t\t\t\t<\/div>\n\t\t\t\t<\/div>\n\t\t","protected":false},"excerpt":{"rendered":"<p>Comment pouvons-nous vous aider? Disponibilit\u00e9 Heures d&rsquo;ouverture SEMAINE Lundi \u2014 Vendredi 9h00 \u2014 22h00 FIN DE SEMAINE Samedi \u2014 Dimanche 10h00 \u2014 19h00 On est l\u00e0 pour vous Nous contacter T\u00e9l\u00e9phone 581-366-0689 Service \u00e0 la client\u00e8le Appeler maintenant \u2192 Courriel econnect2044@gmail.com R\u00e9ponse rapide garantie Envoyer un courriel \u2192 R\u00e9seaux sociaux Edge TV Qu\u00e9bec Suivez-nous pour [&hellip;]<\/p>\n","protected":false},"author":1,"featured_media":0,"parent":0,"menu_order":0,"comment_status":"closed","ping_status":"closed","template":"","meta":{"footnotes":""},"class_list":["post-20","page","type-page","status-publish","hentry"],"yoast_head":"<!-- This site is optimized with the Yoast SEO plugin v27.5 - https:\/\/yoast.com\/product\/yoast-seo-wordpress\/ -->\n<title>Contact - Edge Tv Qu\u00e9bec<\/title>\n<meta name=\"description\" content=\"Contactez l\u2019\u00e9quipe EDGE TV pour toute question sur nos abonnements. Support rapide par clavardage ou courriel \u00e0 serviceteleqc@hotmail.com\" \/>\n<meta name=\"robots\" content=\"index, follow, max-snippet:-1, max-image-preview:large, max-video-preview:-1\" \/>\n<link rel=\"canonical\" href=\"https:\/\/edgetvqc.com\/index.php\/contact\/\" \/>\n<meta property=\"og:locale\" content=\"fr_CA\" \/>\n<meta property=\"og:type\" content=\"article\" \/>\n<meta property=\"og:title\" content=\"Contact - Edge Tv Qu\u00e9bec\" \/>\n<meta property=\"og:description\" content=\"Contactez l\u2019\u00e9quipe EDGE TV pour toute question sur nos abonnements. Support rapide par clavardage ou courriel \u00e0 serviceteleqc@hotmail.com\" \/>\n<meta property=\"og:url\" content=\"https:\/\/edgetvqc.com\/index.php\/contact\/\" \/>\n<meta property=\"og:site_name\" content=\"Edge Tv Qu\u00e9bec\" \/>\n<meta property=\"article:modified_time\" content=\"2026-04-08T23:52:30+00:00\" \/>\n<meta name=\"twitter:card\" content=\"summary_large_image\" \/>\n<meta name=\"twitter:label1\" content=\"Estimation du temps de lecture\" \/>\n\t<meta name=\"twitter:data1\" content=\"1 minute\" \/>\n<script type=\"application\/ld+json\" class=\"yoast-schema-graph\">{\"@context\":\"https:\\\/\\\/schema.org\",\"@graph\":[{\"@type\":\"WebPage\",\"@id\":\"https:\\\/\\\/edgetvqc.com\\\/index.php\\\/contact\\\/\",\"url\":\"https:\\\/\\\/edgetvqc.com\\\/index.php\\\/contact\\\/\",\"name\":\"Contact - Edge Tv Qu\u00e9bec\",\"isPartOf\":{\"@id\":\"https:\\\/\\\/edgetvqc.com\\\/#website\"},\"datePublished\":\"2025-07-07T21:17:38+00:00\",\"dateModified\":\"2026-04-08T23:52:30+00:00\",\"description\":\"Contactez l\u2019\u00e9quipe EDGE TV pour toute question sur nos abonnements. Support rapide par clavardage ou courriel \u00e0 serviceteleqc@hotmail.com\",\"breadcrumb\":{\"@id\":\"https:\\\/\\\/edgetvqc.com\\\/index.php\\\/contact\\\/#breadcrumb\"},\"inLanguage\":\"fr-CA\",\"potentialAction\":[{\"@type\":\"ReadAction\",\"target\":[\"https:\\\/\\\/edgetvqc.com\\\/index.php\\\/contact\\\/\"]}]},{\"@type\":\"BreadcrumbList\",\"@id\":\"https:\\\/\\\/edgetvqc.com\\\/index.php\\\/contact\\\/#breadcrumb\",\"itemListElement\":[{\"@type\":\"ListItem\",\"position\":1,\"name\":\"Accueil\",\"item\":\"https:\\\/\\\/edgetvqc.com\\\/\"},{\"@type\":\"ListItem\",\"position\":2,\"name\":\"Contact\"}]},{\"@type\":\"WebSite\",\"@id\":\"https:\\\/\\\/edgetvqc.com\\\/#website\",\"url\":\"https:\\\/\\\/edgetvqc.com\\\/\",\"name\":\"Edge Tv Qu\u00e9bec\",\"description\":\"\",\"publisher\":{\"@id\":\"https:\\\/\\\/edgetvqc.com\\\/#organization\"},\"potentialAction\":[{\"@type\":\"SearchAction\",\"target\":{\"@type\":\"EntryPoint\",\"urlTemplate\":\"https:\\\/\\\/edgetvqc.com\\\/?s={search_term_string}\"},\"query-input\":{\"@type\":\"PropertyValueSpecification\",\"valueRequired\":true,\"valueName\":\"search_term_string\"}}],\"inLanguage\":\"fr-CA\"},{\"@type\":\"Organization\",\"@id\":\"https:\\\/\\\/edgetvqc.com\\\/#organization\",\"name\":\"Edge Tv Qu\u00e9bec\",\"url\":\"https:\\\/\\\/edgetvqc.com\\\/\",\"logo\":{\"@type\":\"ImageObject\",\"inLanguage\":\"fr-CA\",\"@id\":\"https:\\\/\\\/edgetvqc.com\\\/#\\\/schema\\\/logo\\\/image\\\/\",\"url\":\"https:\\\/\\\/edgetvqc.com\\\/wp-content\\\/uploads\\\/2025\\\/07\\\/cropped-EDGE-TV-Quebec.png\",\"contentUrl\":\"https:\\\/\\\/edgetvqc.com\\\/wp-content\\\/uploads\\\/2025\\\/07\\\/cropped-EDGE-TV-Quebec.png\",\"width\":810,\"height\":655,\"caption\":\"Edge Tv Qu\u00e9bec\"},\"image\":{\"@id\":\"https:\\\/\\\/edgetvqc.com\\\/#\\\/schema\\\/logo\\\/image\\\/\"}}]}<\/script>\n<!-- \/ Yoast SEO plugin. -->","yoast_head_json":{"title":"Contact - Edge Tv Qu\u00e9bec","description":"Contactez l\u2019\u00e9quipe EDGE TV pour toute question sur nos abonnements. Support rapide par clavardage ou courriel \u00e0 serviceteleqc@hotmail.com","robots":{"index":"index","follow":"follow","max-snippet":"max-snippet:-1","max-image-preview":"max-image-preview:large","max-video-preview":"max-video-preview:-1"},"canonical":"https:\/\/edgetvqc.com\/index.php\/contact\/","og_locale":"fr_CA","og_type":"article","og_title":"Contact - Edge Tv Qu\u00e9bec","og_description":"Contactez l\u2019\u00e9quipe EDGE TV pour toute question sur nos abonnements. Support rapide par clavardage ou courriel \u00e0 serviceteleqc@hotmail.com","og_url":"https:\/\/edgetvqc.com\/index.php\/contact\/","og_site_name":"Edge Tv Qu\u00e9bec","article_modified_time":"2026-04-08T23:52:30+00:00","twitter_card":"summary_large_image","twitter_misc":{"Estimation du temps de lecture":"1 minute"},"schema":{"@context":"https:\/\/schema.org","@graph":[{"@type":"WebPage","@id":"https:\/\/edgetvqc.com\/index.php\/contact\/","url":"https:\/\/edgetvqc.com\/index.php\/contact\/","name":"Contact - Edge Tv Qu\u00e9bec","isPartOf":{"@id":"https:\/\/edgetvqc.com\/#website"},"datePublished":"2025-07-07T21:17:38+00:00","dateModified":"2026-04-08T23:52:30+00:00","description":"Contactez l\u2019\u00e9quipe EDGE TV pour toute question sur nos abonnements. Support rapide par clavardage ou courriel \u00e0 serviceteleqc@hotmail.com","breadcrumb":{"@id":"https:\/\/edgetvqc.com\/index.php\/contact\/#breadcrumb"},"inLanguage":"fr-CA","potentialAction":[{"@type":"ReadAction","target":["https:\/\/edgetvqc.com\/index.php\/contact\/"]}]},{"@type":"BreadcrumbList","@id":"https:\/\/edgetvqc.com\/index.php\/contact\/#breadcrumb","itemListElement":[{"@type":"ListItem","position":1,"name":"Accueil","item":"https:\/\/edgetvqc.com\/"},{"@type":"ListItem","position":2,"name":"Contact"}]},{"@type":"WebSite","@id":"https:\/\/edgetvqc.com\/#website","url":"https:\/\/edgetvqc.com\/","name":"Edge Tv Qu\u00e9bec","description":"","publisher":{"@id":"https:\/\/edgetvqc.com\/#organization"},"potentialAction":[{"@type":"SearchAction","target":{"@type":"EntryPoint","urlTemplate":"https:\/\/edgetvqc.com\/?s={search_term_string}"},"query-input":{"@type":"PropertyValueSpecification","valueRequired":true,"valueName":"search_term_string"}}],"inLanguage":"fr-CA"},{"@type":"Organization","@id":"https:\/\/edgetvqc.com\/#organization","name":"Edge Tv Qu\u00e9bec","url":"https:\/\/edgetvqc.com\/","logo":{"@type":"ImageObject","inLanguage":"fr-CA","@id":"https:\/\/edgetvqc.com\/#\/schema\/logo\/image\/","url":"https:\/\/edgetvqc.com\/wp-content\/uploads\/2025\/07\/cropped-EDGE-TV-Quebec.png","contentUrl":"https:\/\/edgetvqc.com\/wp-content\/uploads\/2025\/07\/cropped-EDGE-TV-Quebec.png","width":810,"height":655,"caption":"Edge Tv Qu\u00e9bec"},"image":{"@id":"https:\/\/edgetvqc.com\/#\/schema\/logo\/image\/"}}]}},"_links":{"self":[{"href":"https:\/\/edgetvqc.com\/index.php\/wp-json\/wp\/v2\/pages\/20","targetHints":{"allow":["GET"]}}],"collection":[{"href":"https:\/\/edgetvqc.com\/index.php\/wp-json\/wp\/v2\/pages"}],"about":[{"href":"https:\/\/edgetvqc.com\/index.php\/wp-json\/wp\/v2\/types\/page"}],"author":[{"embeddable":true,"href":"https:\/\/edgetvqc.com\/index.php\/wp-json\/wp\/v2\/users\/1"}],"replies":[{"embeddable":true,"href":"https:\/\/edgetvqc.com\/index.php\/wp-json\/wp\/v2\/comments?post=20"}],"version-history":[{"count":7,"href":"https:\/\/edgetvqc.com\/index.php\/wp-json\/wp\/v2\/pages\/20\/revisions"}],"predecessor-version":[{"id":498,"href":"https:\/\/edgetvqc.com\/index.php\/wp-json\/wp\/v2\/pages\/20\/revisions\/498"}],"wp:attachment":[{"href":"https:\/\/edgetvqc.com\/index.php\/wp-json\/wp\/v2\/media?parent=20"}],"curies":[{"name":"wp","href":"https:\/\/api.w.org\/{rel}","templated":true}]}}