{"id":8,"date":"2025-07-06T22:11:55","date_gmt":"2025-07-06T22:11:55","guid":{"rendered":"https:\/\/edgetvqc.com\/index.php\/cart\/"},"modified":"2025-07-14T17:46:28","modified_gmt":"2025-07-14T17:46:28","slug":"panier","status":"publish","type":"page","link":"https:\/\/edgetvqc.com\/index.php\/panier\/","title":{"rendered":"Panier"},"content":{"rendered":"\n<div data-block-name=\"woocommerce\/cart\" class=\"wp-block-woocommerce-cart alignwide is-loading\">\n<div data-block-name=\"woocommerce\/filled-cart-block\" class=\"wp-block-woocommerce-filled-cart-block\">\n<div data-block-name=\"woocommerce\/cart-items-block\" class=\"wp-block-woocommerce-cart-items-block\">\n<div data-block-name=\"woocommerce\/cart-line-items-block\" class=\"wp-block-woocommerce-cart-line-items-block\"><\/div>\n\n\n\n<div data-block-name=\"woocommerce\/cart-cross-sells-block\" class=\"wp-block-woocommerce-cart-cross-sells-block\">\n<h2 class=\"wp-block-heading has-large-font-size\">You may be interested in\u2026<\/h2>\n\n\n\n<div data-block-name=\"woocommerce\/cart-cross-sells-products-block\" class=\"wp-block-woocommerce-cart-cross-sells-products-block\"><\/div>\n<\/div>\n<\/div>\n\n\n\n<div data-block-name=\"woocommerce\/cart-totals-block\" class=\"wp-block-woocommerce-cart-totals-block\">\n<div data-block-name=\"woocommerce\/cart-order-summary-block\" class=\"wp-block-woocommerce-cart-order-summary-block\">\n<div data-block-name=\"woocommerce\/cart-order-summary-heading-block\" class=\"wp-block-woocommerce-cart-order-summary-heading-block\"><\/div><div data-block-name=\"woocommerce\/cart-order-summary-coupon-form-block\" class=\"wp-block-woocommerce-cart-order-summary-coupon-form-block\"><\/div><div data-block-name=\"woocommerce\/cart-order-summary-totals-block\" class=\"wp-block-woocommerce-cart-order-summary-totals-block\">\n<div data-block-name=\"woocommerce\/cart-order-summary-subtotal-block\" class=\"wp-block-woocommerce-cart-order-summary-subtotal-block\"><\/div>\n<div data-block-name=\"woocommerce\/cart-order-summary-discount-block\" class=\"wp-block-woocommerce-cart-order-summary-discount-block\"><\/div>\n<div data-block-name=\"woocommerce\/cart-order-summary-fee-block\" class=\"wp-block-woocommerce-cart-order-summary-fee-block\"><\/div>\n<div data-block-name=\"woocommerce\/cart-order-summary-shipping-block\" class=\"wp-block-woocommerce-cart-order-summary-shipping-block\"><\/div>\n<div data-block-name=\"woocommerce\/cart-order-summary-taxes-block\" class=\"wp-block-woocommerce-cart-order-summary-taxes-block\"><\/div><\/div>\n<\/div>\n\n\n\n<div data-block-name=\"woocommerce\/cart-express-payment-block\" class=\"wp-block-woocommerce-cart-express-payment-block\"><\/div>\n\n\n\n<div data-block-name=\"woocommerce\/proceed-to-checkout-block\" class=\"wp-block-woocommerce-proceed-to-checkout-block\"><\/div>\n\n\n\n<div data-block-name=\"woocommerce\/cart-accepted-payment-methods-block\" class=\"wp-block-woocommerce-cart-accepted-payment-methods-block\"><\/div>\n<\/div>\n<\/div>\n\n\n\n<div data-block-name=\"woocommerce\/empty-cart-block\" class=\"wp-block-woocommerce-empty-cart-block\">\n<h2 class=\"wp-block-heading has-text-align-center with-empty-cart-icon wc-block-cart__empty-cart__title\">Your cart is currently empty!<\/h2>\n\n\n\n<hr class=\"wp-block-separator has-alpha-channel-opacity is-style-dots\"\/>\n\n\n\n<h2 class=\"wp-block-heading has-text-align-center\">New in store<\/h2>\n\n\n<div data-block-name=\"woocommerce\/product-new\" data-columns=\"4\" data-rows=\"1\" class=\"wc-block-grid wp-block-product-new wp-block-woocommerce-product-new wc-block-product-new has-4-columns\"><ul class=\"wc-block-grid__products\"><li class=\"wc-block-grid__product\">\n\t\t\t\t<a href=\"https:\/\/edgetvqc.com\/index.php\/product\/revendeur-credits-oh-ben-tv-pro\/\" class=\"wc-block-grid__product-link\">\n\t\t\t\t\t\n\t\t\t\t\t<div class=\"wc-block-grid__product-image\"><img fetchpriority=\"high\" decoding=\"async\" width=\"300\" height=\"300\" src=\"https:\/\/edgetvqc.com\/wp-content\/uploads\/2026\/04\/oh-bentv-service-PRO-boutique-300x300.jpg\" class=\"attachment-woocommerce_thumbnail size-woocommerce_thumbnail\" alt=\"Revendeur - Cr\u00e9dits Oh-Ben Tv pro\" srcset=\"https:\/\/edgetvqc.com\/wp-content\/uploads\/2026\/04\/oh-bentv-service-PRO-boutique-300x300.jpg 300w, https:\/\/edgetvqc.com\/wp-content\/uploads\/2026\/04\/oh-bentv-service-PRO-boutique-150x150.jpg 150w, https:\/\/edgetvqc.com\/wp-content\/uploads\/2026\/04\/oh-bentv-service-PRO-boutique-100x100.jpg 100w, https:\/\/edgetvqc.com\/wp-content\/uploads\/2026\/04\/oh-bentv-service-PRO-boutique.jpg 500w\" sizes=\"(max-width: 300px) 100vw, 300px\" \/><\/div>\n\t\t\t\t\t<div class=\"wc-block-grid__product-title\">Revendeur &#8211; Cr\u00e9dits Oh-Ben Tv pro<\/div>\n\t\t\t\t<\/a>\n\t\t\t\t<div class=\"wc-block-grid__product-price price\"><span class=\"woocommerce-Price-amount amount\" aria-hidden=\"true\"><span class=\"woocommerce-Price-currencySymbol\">&#036;<\/span>300.00<\/span> <span aria-hidden=\"true\">\u00a0\u2013\u00a0<\/span> <span class=\"woocommerce-Price-amount amount\" aria-hidden=\"true\"><span class=\"woocommerce-Price-currencySymbol\">&#036;<\/span>1,000.00<\/span><span class=\"screen-reader-text\">Plage de prix\u00a0: &#036;300.00 \u00e0 &#036;1,000.00<\/span><\/div>\n\t\t\t\t\n\t\t\t\t<div class=\"wp-block-button wc-block-grid__product-add-to-cart\"><a href=\"https:\/\/edgetvqc.com\/index.php\/product\/revendeur-credits-oh-ben-tv-pro\/\" aria-label=\"S\u00e9lectionner les options pour &ldquo;Revendeur - Cr\u00e9dits Oh-Ben Tv pro&rdquo;\" data-quantity=\"1\" data-product_id=\"521\" data-product_sku=\"\" data-price=\"300\" rel=\"nofollow\" class=\"wp-block-button__link  add_to_cart_button\">Choix des options<\/a><\/div>\n\t\t\t<\/li><li class=\"wc-block-grid__product\">\n\t\t\t\t<a href=\"https:\/\/edgetvqc.com\/index.php\/product\/revendeur-credits-service-tele-qc\/\" class=\"wc-block-grid__product-link\">\n\t\t\t\t\t\n\t\t\t\t\t<div class=\"wc-block-grid__product-image\"><img decoding=\"async\" width=\"300\" height=\"300\" src=\"https:\/\/edgetvqc.com\/wp-content\/uploads\/2026\/04\/ChatGPT-Image-25-mars-2026-10-h-35-min-06-s-300x300.png\" class=\"attachment-woocommerce_thumbnail size-woocommerce_thumbnail\" alt=\"Revendeur - Cr\u00e9dits Service t\u00e9l\u00e9 Qc\" srcset=\"https:\/\/edgetvqc.com\/wp-content\/uploads\/2026\/04\/ChatGPT-Image-25-mars-2026-10-h-35-min-06-s-300x300.png 300w, https:\/\/edgetvqc.com\/wp-content\/uploads\/2026\/04\/ChatGPT-Image-25-mars-2026-10-h-35-min-06-s-150x150.png 150w, https:\/\/edgetvqc.com\/wp-content\/uploads\/2026\/04\/ChatGPT-Image-25-mars-2026-10-h-35-min-06-s-768x768.png 768w, https:\/\/edgetvqc.com\/wp-content\/uploads\/2026\/04\/ChatGPT-Image-25-mars-2026-10-h-35-min-06-s-600x600.png 600w, https:\/\/edgetvqc.com\/wp-content\/uploads\/2026\/04\/ChatGPT-Image-25-mars-2026-10-h-35-min-06-s-100x100.png 100w, https:\/\/edgetvqc.com\/wp-content\/uploads\/2026\/04\/ChatGPT-Image-25-mars-2026-10-h-35-min-06-s.png 1024w\" sizes=\"(max-width: 300px) 100vw, 300px\" \/><\/div>\n\t\t\t\t\t<div class=\"wc-block-grid__product-title\">Revendeur &#8211; Cr\u00e9dits Service t\u00e9l\u00e9 Qc<\/div>\n\t\t\t\t<\/a>\n\t\t\t\t<div class=\"wc-block-grid__product-price price\"><span class=\"woocommerce-Price-amount amount\" aria-hidden=\"true\"><span class=\"woocommerce-Price-currencySymbol\">&#036;<\/span>300.00<\/span> <span aria-hidden=\"true\">\u00a0\u2013\u00a0<\/span> <span class=\"woocommerce-Price-amount amount\" aria-hidden=\"true\"><span class=\"woocommerce-Price-currencySymbol\">&#036;<\/span>1,000.00<\/span><span class=\"screen-reader-text\">Plage de prix\u00a0: &#036;300.00 \u00e0 &#036;1,000.00<\/span><\/div>\n\t\t\t\t\n\t\t\t\t<div class=\"wp-block-button wc-block-grid__product-add-to-cart\"><a href=\"https:\/\/edgetvqc.com\/index.php\/product\/revendeur-credits-service-tele-qc\/\" aria-label=\"S\u00e9lectionner les options pour &ldquo;Revendeur - Cr\u00e9dits Service t\u00e9l\u00e9 Qc&rdquo;\" data-quantity=\"1\" data-product_id=\"520\" data-product_sku=\"\" data-price=\"300\" rel=\"nofollow\" class=\"wp-block-button__link  add_to_cart_button\">Choix des options<\/a><\/div>\n\t\t\t<\/li><li class=\"wc-block-grid__product\">\n\t\t\t\t<a href=\"https:\/\/edgetvqc.com\/index.php\/product\/revendeur-credit-diablo-pro-elite\/\" class=\"wc-block-grid__product-link\">\n\t\t\t\t\t\n\t\t\t\t\t<div class=\"wc-block-grid__product-image\"><img decoding=\"async\" width=\"300\" height=\"300\" src=\"https:\/\/edgetvqc.com\/wp-content\/uploads\/2026\/04\/DiabloPRO-logo-300x300.png\" class=\"attachment-woocommerce_thumbnail size-woocommerce_thumbnail\" alt=\"Revendeur -  Cr\u00e9dit Diablo Pro \u00e9lite\" srcset=\"https:\/\/edgetvqc.com\/wp-content\/uploads\/2026\/04\/DiabloPRO-logo-300x300.png 300w, https:\/\/edgetvqc.com\/wp-content\/uploads\/2026\/04\/DiabloPRO-logo-150x150.png 150w, https:\/\/edgetvqc.com\/wp-content\/uploads\/2026\/04\/DiabloPRO-logo-100x100.png 100w\" sizes=\"(max-width: 300px) 100vw, 300px\" \/><\/div>\n\t\t\t\t\t<div class=\"wc-block-grid__product-title\">Revendeur &#8211;  Cr\u00e9dit Diablo Pro \u00e9lite<\/div>\n\t\t\t\t<\/a>\n\t\t\t\t<div class=\"wc-block-grid__product-price price\"><span class=\"woocommerce-Price-amount amount\" aria-hidden=\"true\"><span class=\"woocommerce-Price-currencySymbol\">&#036;<\/span>300.00<\/span> <span aria-hidden=\"true\">\u00a0\u2013\u00a0<\/span> <span class=\"woocommerce-Price-amount amount\" aria-hidden=\"true\"><span class=\"woocommerce-Price-currencySymbol\">&#036;<\/span>1,000.00<\/span><span class=\"screen-reader-text\">Plage de prix\u00a0: &#036;300.00 \u00e0 &#036;1,000.00<\/span><\/div>\n\t\t\t\t\n\t\t\t\t<div class=\"wp-block-button wc-block-grid__product-add-to-cart\"><a href=\"https:\/\/edgetvqc.com\/index.php\/product\/revendeur-credit-diablo-pro-elite\/\" aria-label=\"S\u00e9lectionner les options pour &ldquo;Revendeur -  Cr\u00e9dit Diablo Pro \u00e9lite&rdquo;\" data-quantity=\"1\" data-product_id=\"519\" data-product_sku=\"\" data-price=\"300\" rel=\"nofollow\" class=\"wp-block-button__link  add_to_cart_button\">Choix des options<\/a><\/div>\n\t\t\t<\/li><li class=\"wc-block-grid__product\">\n\t\t\t\t<a href=\"https:\/\/edgetvqc.com\/index.php\/product\/revendeur-credits-edge\/\" class=\"wc-block-grid__product-link\">\n\t\t\t\t\t\n\t\t\t\t\t<div class=\"wc-block-grid__product-image\"><img loading=\"lazy\" decoding=\"async\" width=\"300\" height=\"300\" src=\"https:\/\/edgetvqc.com\/wp-content\/uploads\/2026\/04\/EDGE-TV-Quebec-2-3-300x300.png\" class=\"attachment-woocommerce_thumbnail size-woocommerce_thumbnail\" alt=\"Revendeur - Cr\u00e9dits Edge\" srcset=\"https:\/\/edgetvqc.com\/wp-content\/uploads\/2026\/04\/EDGE-TV-Quebec-2-3-300x300.png 300w, https:\/\/edgetvqc.com\/wp-content\/uploads\/2026\/04\/EDGE-TV-Quebec-2-3-150x150.png 150w, https:\/\/edgetvqc.com\/wp-content\/uploads\/2026\/04\/EDGE-TV-Quebec-2-3-100x100.png 100w\" sizes=\"(max-width: 300px) 100vw, 300px\" \/><\/div>\n\t\t\t\t\t<div class=\"wc-block-grid__product-title\">Revendeur &#8211; Cr\u00e9dits Edge<\/div>\n\t\t\t\t<\/a>\n\t\t\t\t<div class=\"wc-block-grid__product-price price\"><span class=\"woocommerce-Price-amount amount\" aria-hidden=\"true\"><span class=\"woocommerce-Price-currencySymbol\">&#036;<\/span>225.00<\/span> <span aria-hidden=\"true\">\u00a0\u2013\u00a0<\/span> <span class=\"woocommerce-Price-amount amount\" aria-hidden=\"true\"><span class=\"woocommerce-Price-currencySymbol\">&#036;<\/span>750.00<\/span><span class=\"screen-reader-text\">Plage de prix\u00a0: &#036;225.00 \u00e0 &#036;750.00<\/span><\/div>\n\t\t\t\t\n\t\t\t\t<div class=\"wp-block-button wc-block-grid__product-add-to-cart\"><a href=\"https:\/\/edgetvqc.com\/index.php\/product\/revendeur-credits-edge\/\" aria-label=\"S\u00e9lectionner les options pour &ldquo;Revendeur - Cr\u00e9dits Edge&rdquo;\" data-quantity=\"1\" data-product_id=\"518\" data-product_sku=\"\" data-price=\"225\" rel=\"nofollow\" class=\"wp-block-button__link  add_to_cart_button\">Choix des options<\/a><\/div>\n\t\t\t<\/li><\/ul><\/div><\/div>\n<\/div>\n","protected":false},"excerpt":{"rendered":"","protected":false},"author":1,"featured_media":0,"parent":0,"menu_order":0,"comment_status":"closed","ping_status":"closed","template":"","meta":{"footnotes":""},"class_list":["post-8","page","type-page","status-publish","hentry"],"yoast_head":"<!-- This site is optimized with the Yoast SEO plugin v27.5 - https:\/\/yoast.com\/product\/yoast-seo-wordpress\/ -->\n<title>Panier - Edge Tv Qu\u00e9bec<\/title>\n<meta name=\"description\" content=\"V\u00e9rifiez votre panier EDGE TV avant de finaliser votre commande. Abonnements IPTV sans contrat, paiement s\u00e9curis\u00e9 et activation rapide.\" \/>\n<meta name=\"robots\" content=\"index, follow, max-snippet:-1, max-image-preview:large, max-video-preview:-1\" \/>\n<link rel=\"canonical\" href=\"https:\/\/edgetvqc.com\/index.php\/panier\/\" \/>\n<meta property=\"og:locale\" content=\"fr_CA\" \/>\n<meta property=\"og:type\" content=\"article\" \/>\n<meta property=\"og:title\" content=\"Panier - Edge Tv Qu\u00e9bec\" \/>\n<meta property=\"og:description\" content=\"V\u00e9rifiez votre panier EDGE TV avant de finaliser votre commande. Abonnements IPTV sans contrat, paiement s\u00e9curis\u00e9 et activation rapide.\" \/>\n<meta property=\"og:url\" content=\"https:\/\/edgetvqc.com\/index.php\/panier\/\" \/>\n<meta property=\"og:site_name\" content=\"Edge Tv Qu\u00e9bec\" \/>\n<meta property=\"article:modified_time\" content=\"2025-07-14T17:46:28+00:00\" \/>\n<meta name=\"twitter:card\" content=\"summary_large_image\" \/>\n<meta name=\"twitter:label1\" content=\"Estimation du temps de lecture\" \/>\n\t<meta name=\"twitter:data1\" content=\"1 minute\" \/>\n<script type=\"application\/ld+json\" class=\"yoast-schema-graph\">{\"@context\":\"https:\\\/\\\/schema.org\",\"@graph\":[{\"@type\":\"WebPage\",\"@id\":\"https:\\\/\\\/edgetvqc.com\\\/index.php\\\/panier\\\/\",\"url\":\"https:\\\/\\\/edgetvqc.com\\\/index.php\\\/panier\\\/\",\"name\":\"Panier - Edge Tv Qu\u00e9bec\",\"isPartOf\":{\"@id\":\"https:\\\/\\\/edgetvqc.com\\\/#website\"},\"datePublished\":\"2025-07-06T22:11:55+00:00\",\"dateModified\":\"2025-07-14T17:46:28+00:00\",\"description\":\"V\u00e9rifiez votre panier EDGE TV avant de finaliser votre commande. Abonnements IPTV sans contrat, paiement s\u00e9curis\u00e9 et activation rapide.\",\"breadcrumb\":{\"@id\":\"https:\\\/\\\/edgetvqc.com\\\/index.php\\\/panier\\\/#breadcrumb\"},\"inLanguage\":\"fr-CA\",\"potentialAction\":[{\"@type\":\"ReadAction\",\"target\":[\"https:\\\/\\\/edgetvqc.com\\\/index.php\\\/panier\\\/\"]}]},{\"@type\":\"BreadcrumbList\",\"@id\":\"https:\\\/\\\/edgetvqc.com\\\/index.php\\\/panier\\\/#breadcrumb\",\"itemListElement\":[{\"@type\":\"ListItem\",\"position\":1,\"name\":\"Accueil\",\"item\":\"https:\\\/\\\/edgetvqc.com\\\/\"},{\"@type\":\"ListItem\",\"position\":2,\"name\":\"Panier\"}]},{\"@type\":\"WebSite\",\"@id\":\"https:\\\/\\\/edgetvqc.com\\\/#website\",\"url\":\"https:\\\/\\\/edgetvqc.com\\\/\",\"name\":\"Edge Tv Qu\u00e9bec\",\"description\":\"\",\"publisher\":{\"@id\":\"https:\\\/\\\/edgetvqc.com\\\/#organization\"},\"potentialAction\":[{\"@type\":\"SearchAction\",\"target\":{\"@type\":\"EntryPoint\",\"urlTemplate\":\"https:\\\/\\\/edgetvqc.com\\\/?s={search_term_string}\"},\"query-input\":{\"@type\":\"PropertyValueSpecification\",\"valueRequired\":true,\"valueName\":\"search_term_string\"}}],\"inLanguage\":\"fr-CA\"},{\"@type\":\"Organization\",\"@id\":\"https:\\\/\\\/edgetvqc.com\\\/#organization\",\"name\":\"Edge Tv Qu\u00e9bec\",\"url\":\"https:\\\/\\\/edgetvqc.com\\\/\",\"logo\":{\"@type\":\"ImageObject\",\"inLanguage\":\"fr-CA\",\"@id\":\"https:\\\/\\\/edgetvqc.com\\\/#\\\/schema\\\/logo\\\/image\\\/\",\"url\":\"https:\\\/\\\/edgetvqc.com\\\/wp-content\\\/uploads\\\/2025\\\/07\\\/cropped-EDGE-TV-Quebec.png\",\"contentUrl\":\"https:\\\/\\\/edgetvqc.com\\\/wp-content\\\/uploads\\\/2025\\\/07\\\/cropped-EDGE-TV-Quebec.png\",\"width\":810,\"height\":655,\"caption\":\"Edge Tv Qu\u00e9bec\"},\"image\":{\"@id\":\"https:\\\/\\\/edgetvqc.com\\\/#\\\/schema\\\/logo\\\/image\\\/\"}}]}<\/script>\n<!-- \/ Yoast SEO plugin. -->","yoast_head_json":{"title":"Panier - Edge Tv Qu\u00e9bec","description":"V\u00e9rifiez votre panier EDGE TV avant de finaliser votre commande. Abonnements IPTV sans contrat, paiement s\u00e9curis\u00e9 et activation rapide.","robots":{"index":"index","follow":"follow","max-snippet":"max-snippet:-1","max-image-preview":"max-image-preview:large","max-video-preview":"max-video-preview:-1"},"canonical":"https:\/\/edgetvqc.com\/index.php\/panier\/","og_locale":"fr_CA","og_type":"article","og_title":"Panier - Edge Tv Qu\u00e9bec","og_description":"V\u00e9rifiez votre panier EDGE TV avant de finaliser votre commande. Abonnements IPTV sans contrat, paiement s\u00e9curis\u00e9 et activation rapide.","og_url":"https:\/\/edgetvqc.com\/index.php\/panier\/","og_site_name":"Edge Tv Qu\u00e9bec","article_modified_time":"2025-07-14T17:46:28+00:00","twitter_card":"summary_large_image","twitter_misc":{"Estimation du temps de lecture":"1 minute"},"schema":{"@context":"https:\/\/schema.org","@graph":[{"@type":"WebPage","@id":"https:\/\/edgetvqc.com\/index.php\/panier\/","url":"https:\/\/edgetvqc.com\/index.php\/panier\/","name":"Panier - Edge Tv Qu\u00e9bec","isPartOf":{"@id":"https:\/\/edgetvqc.com\/#website"},"datePublished":"2025-07-06T22:11:55+00:00","dateModified":"2025-07-14T17:46:28+00:00","description":"V\u00e9rifiez votre panier EDGE TV avant de finaliser votre commande. Abonnements IPTV sans contrat, paiement s\u00e9curis\u00e9 et activation rapide.","breadcrumb":{"@id":"https:\/\/edgetvqc.com\/index.php\/panier\/#breadcrumb"},"inLanguage":"fr-CA","potentialAction":[{"@type":"ReadAction","target":["https:\/\/edgetvqc.com\/index.php\/panier\/"]}]},{"@type":"BreadcrumbList","@id":"https:\/\/edgetvqc.com\/index.php\/panier\/#breadcrumb","itemListElement":[{"@type":"ListItem","position":1,"name":"Accueil","item":"https:\/\/edgetvqc.com\/"},{"@type":"ListItem","position":2,"name":"Panier"}]},{"@type":"WebSite","@id":"https:\/\/edgetvqc.com\/#website","url":"https:\/\/edgetvqc.com\/","name":"Edge Tv Qu\u00e9bec","description":"","publisher":{"@id":"https:\/\/edgetvqc.com\/#organization"},"potentialAction":[{"@type":"SearchAction","target":{"@type":"EntryPoint","urlTemplate":"https:\/\/edgetvqc.com\/?s={search_term_string}"},"query-input":{"@type":"PropertyValueSpecification","valueRequired":true,"valueName":"search_term_string"}}],"inLanguage":"fr-CA"},{"@type":"Organization","@id":"https:\/\/edgetvqc.com\/#organization","name":"Edge Tv Qu\u00e9bec","url":"https:\/\/edgetvqc.com\/","logo":{"@type":"ImageObject","inLanguage":"fr-CA","@id":"https:\/\/edgetvqc.com\/#\/schema\/logo\/image\/","url":"https:\/\/edgetvqc.com\/wp-content\/uploads\/2025\/07\/cropped-EDGE-TV-Quebec.png","contentUrl":"https:\/\/edgetvqc.com\/wp-content\/uploads\/2025\/07\/cropped-EDGE-TV-Quebec.png","width":810,"height":655,"caption":"Edge Tv Qu\u00e9bec"},"image":{"@id":"https:\/\/edgetvqc.com\/#\/schema\/logo\/image\/"}}]}},"_links":{"self":[{"href":"https:\/\/edgetvqc.com\/index.php\/wp-json\/wp\/v2\/pages\/8","targetHints":{"allow":["GET"]}}],"collection":[{"href":"https:\/\/edgetvqc.com\/index.php\/wp-json\/wp\/v2\/pages"}],"about":[{"href":"https:\/\/edgetvqc.com\/index.php\/wp-json\/wp\/v2\/types\/page"}],"author":[{"embeddable":true,"href":"https:\/\/edgetvqc.com\/index.php\/wp-json\/wp\/v2\/users\/1"}],"replies":[{"embeddable":true,"href":"https:\/\/edgetvqc.com\/index.php\/wp-json\/wp\/v2\/comments?post=8"}],"version-history":[{"count":2,"href":"https:\/\/edgetvqc.com\/index.php\/wp-json\/wp\/v2\/pages\/8\/revisions"}],"predecessor-version":[{"id":188,"href":"https:\/\/edgetvqc.com\/index.php\/wp-json\/wp\/v2\/pages\/8\/revisions\/188"}],"wp:attachment":[{"href":"https:\/\/edgetvqc.com\/index.php\/wp-json\/wp\/v2\/media?parent=8"}],"curies":[{"name":"wp","href":"https:\/\/api.w.org\/{rel}","templated":true}]}}