{"id":365,"date":"2026-04-08T21:15:52","date_gmt":"2026-04-08T21:15:52","guid":{"rendered":"https:\/\/edgetvqc.com\/?post_type=product&#038;p=365"},"modified":"2026-04-08T21:16:00","modified_gmt":"2026-04-08T21:16:00","slug":"diablo-pro-abonnement","status":"publish","type":"product","link":"https:\/\/edgetvqc.com\/index.php\/product\/diablo-pro-abonnement\/","title":{"rendered":"Diablo PRO (Abonnement)"},"content":{"rendered":"","protected":false},"excerpt":{"rendered":"<div class=\"fusion-text fusion-text-7 fusion-text-no-margin\">\n<p><strong>Taxes incluses<\/strong><\/p>\n<p>L\u2019achat de nos d\u00e9codeurs n\u2019est pas une obligation pour adh\u00e9rer \u00e0 nos services. Nos services peuvent fonctionner si vous avez un des appareils suivant \u00e0 la maison:<\/p>\n<ul>\n<li>Bo\u00eete Android (Autre que ROKU)<\/li>\n<li>Apple TV ou autres produits APPLE<\/li>\n<li>Firestick ou Firetv<\/li>\n<li>Smart TV \/ TV intelligente<\/li>\n<li>Ordinateur PC<\/li>\n<li>Cellulaire<\/li>\n<\/ul>\n<p>V\u00e9rifier si un de vos appareils est compatible en discutant avec un de nos agents.<\/p>\n<\/div>\n","protected":false},"featured_media":395,"template":"","meta":[],"product_brand":[],"product_cat":[21],"product_tag":[],"class_list":{"0":"post-365","1":"product","2":"type-product","3":"status-publish","4":"has-post-thumbnail","6":"product_cat-abonnement","8":"first","9":"instock","10":"shipping-taxable","11":"purchasable","12":"product-type-variable","13":"has-default-attributes"},"yoast_head":"<!-- This site is optimized with the Yoast SEO plugin v27.3 - https:\/\/yoast.com\/product\/yoast-seo-wordpress\/ -->\n<title>Diablo PRO (Abonnement) - Edge Tv Qu\u00e9bec<\/title>\n<meta name=\"robots\" content=\"index, follow, max-snippet:-1, max-image-preview:large, max-video-preview:-1\" \/>\n<link rel=\"canonical\" href=\"https:\/\/edgetvqc.com\/index.php\/product\/diablo-pro-abonnement\/\" \/>\n<meta property=\"og:locale\" content=\"fr_CA\" \/>\n<meta property=\"og:type\" content=\"article\" \/>\n<meta property=\"og:title\" content=\"Diablo PRO (Abonnement) - Edge Tv Qu\u00e9bec\" \/>\n<meta property=\"og:description\" content=\"Taxes incluses  L\u2019achat de nos d\u00e9codeurs n\u2019est pas une obligation pour adh\u00e9rer \u00e0 nos services. Nos services peuvent fonctionner si vous avez un des appareils suivant \u00e0 la maison:   Bo\u00eete Android (Autre que ROKU)  Apple TV ou autres produits APPLE  Firestick ou Firetv  Smart TV \/ TV intelligente  Ordinateur PC  Cellulaire  V\u00e9rifier si un de vos appareils est compatible en discutant avec un de nos agents.\" \/>\n<meta property=\"og:url\" content=\"https:\/\/edgetvqc.com\/index.php\/product\/diablo-pro-abonnement\/\" \/>\n<meta property=\"og:site_name\" content=\"Edge Tv Qu\u00e9bec\" \/>\n<meta property=\"article:modified_time\" content=\"2026-04-08T21:16:00+00:00\" \/>\n<meta property=\"og:image\" content=\"https:\/\/edgetvqc.com\/wp-content\/uploads\/2026\/04\/DiabloPro1-e1673589745933.jpg\" \/>\n\t<meta property=\"og:image:width\" content=\"688\" \/>\n\t<meta property=\"og:image:height\" content=\"354\" \/>\n\t<meta property=\"og:image:type\" content=\"image\/jpeg\" \/>\n<meta name=\"twitter:card\" content=\"summary_large_image\" \/>\n<script type=\"application\/ld+json\" class=\"yoast-schema-graph\">{\"@context\":\"https:\\\/\\\/schema.org\",\"@graph\":[{\"@type\":\"WebPage\",\"@id\":\"https:\\\/\\\/edgetvqc.com\\\/index.php\\\/product\\\/diablo-pro-abonnement\\\/\",\"url\":\"https:\\\/\\\/edgetvqc.com\\\/index.php\\\/product\\\/diablo-pro-abonnement\\\/\",\"name\":\"Diablo PRO (Abonnement) - Edge Tv Qu\u00e9bec\",\"isPartOf\":{\"@id\":\"https:\\\/\\\/edgetvqc.com\\\/#website\"},\"primaryImageOfPage\":{\"@id\":\"https:\\\/\\\/edgetvqc.com\\\/index.php\\\/product\\\/diablo-pro-abonnement\\\/#primaryimage\"},\"image\":{\"@id\":\"https:\\\/\\\/edgetvqc.com\\\/index.php\\\/product\\\/diablo-pro-abonnement\\\/#primaryimage\"},\"thumbnailUrl\":\"https:\\\/\\\/edgetvqc.com\\\/wp-content\\\/uploads\\\/2026\\\/04\\\/DiabloPro1-e1673589745933.jpg\",\"datePublished\":\"2026-04-08T21:15:52+00:00\",\"dateModified\":\"2026-04-08T21:16:00+00:00\",\"breadcrumb\":{\"@id\":\"https:\\\/\\\/edgetvqc.com\\\/index.php\\\/product\\\/diablo-pro-abonnement\\\/#breadcrumb\"},\"inLanguage\":\"fr-CA\",\"potentialAction\":[{\"@type\":\"ReadAction\",\"target\":[\"https:\\\/\\\/edgetvqc.com\\\/index.php\\\/product\\\/diablo-pro-abonnement\\\/\"]}]},{\"@type\":\"ImageObject\",\"inLanguage\":\"fr-CA\",\"@id\":\"https:\\\/\\\/edgetvqc.com\\\/index.php\\\/product\\\/diablo-pro-abonnement\\\/#primaryimage\",\"url\":\"https:\\\/\\\/edgetvqc.com\\\/wp-content\\\/uploads\\\/2026\\\/04\\\/DiabloPro1-e1673589745933.jpg\",\"contentUrl\":\"https:\\\/\\\/edgetvqc.com\\\/wp-content\\\/uploads\\\/2026\\\/04\\\/DiabloPro1-e1673589745933.jpg\",\"width\":688,\"height\":354},{\"@type\":\"BreadcrumbList\",\"@id\":\"https:\\\/\\\/edgetvqc.com\\\/index.php\\\/product\\\/diablo-pro-abonnement\\\/#breadcrumb\",\"itemListElement\":[{\"@type\":\"ListItem\",\"position\":1,\"name\":\"Accueil\",\"item\":\"https:\\\/\\\/edgetvqc.com\\\/\"},{\"@type\":\"ListItem\",\"position\":2,\"name\":\"Boutique\",\"item\":\"https:\\\/\\\/edgetvqc.com\\\/index.php\\\/boutique\\\/\"},{\"@type\":\"ListItem\",\"position\":3,\"name\":\"Diablo PRO (Abonnement)\"}]},{\"@type\":\"WebSite\",\"@id\":\"https:\\\/\\\/edgetvqc.com\\\/#website\",\"url\":\"https:\\\/\\\/edgetvqc.com\\\/\",\"name\":\"Edge Tv Qu\u00e9bec\",\"description\":\"\",\"publisher\":{\"@id\":\"https:\\\/\\\/edgetvqc.com\\\/#organization\"},\"potentialAction\":[{\"@type\":\"SearchAction\",\"target\":{\"@type\":\"EntryPoint\",\"urlTemplate\":\"https:\\\/\\\/edgetvqc.com\\\/?s={search_term_string}\"},\"query-input\":{\"@type\":\"PropertyValueSpecification\",\"valueRequired\":true,\"valueName\":\"search_term_string\"}}],\"inLanguage\":\"fr-CA\"},{\"@type\":\"Organization\",\"@id\":\"https:\\\/\\\/edgetvqc.com\\\/#organization\",\"name\":\"Edge Tv Qu\u00e9bec\",\"url\":\"https:\\\/\\\/edgetvqc.com\\\/\",\"logo\":{\"@type\":\"ImageObject\",\"inLanguage\":\"fr-CA\",\"@id\":\"https:\\\/\\\/edgetvqc.com\\\/#\\\/schema\\\/logo\\\/image\\\/\",\"url\":\"https:\\\/\\\/edgetvqc.com\\\/wp-content\\\/uploads\\\/2025\\\/07\\\/cropped-EDGE-TV-Quebec.png\",\"contentUrl\":\"https:\\\/\\\/edgetvqc.com\\\/wp-content\\\/uploads\\\/2025\\\/07\\\/cropped-EDGE-TV-Quebec.png\",\"width\":810,\"height\":655,\"caption\":\"Edge Tv Qu\u00e9bec\"},\"image\":{\"@id\":\"https:\\\/\\\/edgetvqc.com\\\/#\\\/schema\\\/logo\\\/image\\\/\"}}]}<\/script>\n<!-- \/ Yoast SEO plugin. -->","yoast_head_json":{"title":"Diablo PRO (Abonnement) - Edge Tv Qu\u00e9bec","robots":{"index":"index","follow":"follow","max-snippet":"max-snippet:-1","max-image-preview":"max-image-preview:large","max-video-preview":"max-video-preview:-1"},"canonical":"https:\/\/edgetvqc.com\/index.php\/product\/diablo-pro-abonnement\/","og_locale":"fr_CA","og_type":"article","og_title":"Diablo PRO (Abonnement) - Edge Tv Qu\u00e9bec","og_description":"Taxes incluses  L\u2019achat de nos d\u00e9codeurs n\u2019est pas une obligation pour adh\u00e9rer \u00e0 nos services. Nos services peuvent fonctionner si vous avez un des appareils suivant \u00e0 la maison:   Bo\u00eete Android (Autre que ROKU)  Apple TV ou autres produits APPLE  Firestick ou Firetv  Smart TV \/ TV intelligente  Ordinateur PC  Cellulaire  V\u00e9rifier si un de vos appareils est compatible en discutant avec un de nos agents.","og_url":"https:\/\/edgetvqc.com\/index.php\/product\/diablo-pro-abonnement\/","og_site_name":"Edge Tv Qu\u00e9bec","article_modified_time":"2026-04-08T21:16:00+00:00","og_image":[{"width":688,"height":354,"url":"https:\/\/edgetvqc.com\/wp-content\/uploads\/2026\/04\/DiabloPro1-e1673589745933.jpg","type":"image\/jpeg"}],"twitter_card":"summary_large_image","schema":{"@context":"https:\/\/schema.org","@graph":[{"@type":"WebPage","@id":"https:\/\/edgetvqc.com\/index.php\/product\/diablo-pro-abonnement\/","url":"https:\/\/edgetvqc.com\/index.php\/product\/diablo-pro-abonnement\/","name":"Diablo PRO (Abonnement) - Edge Tv Qu\u00e9bec","isPartOf":{"@id":"https:\/\/edgetvqc.com\/#website"},"primaryImageOfPage":{"@id":"https:\/\/edgetvqc.com\/index.php\/product\/diablo-pro-abonnement\/#primaryimage"},"image":{"@id":"https:\/\/edgetvqc.com\/index.php\/product\/diablo-pro-abonnement\/#primaryimage"},"thumbnailUrl":"https:\/\/edgetvqc.com\/wp-content\/uploads\/2026\/04\/DiabloPro1-e1673589745933.jpg","datePublished":"2026-04-08T21:15:52+00:00","dateModified":"2026-04-08T21:16:00+00:00","breadcrumb":{"@id":"https:\/\/edgetvqc.com\/index.php\/product\/diablo-pro-abonnement\/#breadcrumb"},"inLanguage":"fr-CA","potentialAction":[{"@type":"ReadAction","target":["https:\/\/edgetvqc.com\/index.php\/product\/diablo-pro-abonnement\/"]}]},{"@type":"ImageObject","inLanguage":"fr-CA","@id":"https:\/\/edgetvqc.com\/index.php\/product\/diablo-pro-abonnement\/#primaryimage","url":"https:\/\/edgetvqc.com\/wp-content\/uploads\/2026\/04\/DiabloPro1-e1673589745933.jpg","contentUrl":"https:\/\/edgetvqc.com\/wp-content\/uploads\/2026\/04\/DiabloPro1-e1673589745933.jpg","width":688,"height":354},{"@type":"BreadcrumbList","@id":"https:\/\/edgetvqc.com\/index.php\/product\/diablo-pro-abonnement\/#breadcrumb","itemListElement":[{"@type":"ListItem","position":1,"name":"Accueil","item":"https:\/\/edgetvqc.com\/"},{"@type":"ListItem","position":2,"name":"Boutique","item":"https:\/\/edgetvqc.com\/index.php\/boutique\/"},{"@type":"ListItem","position":3,"name":"Diablo PRO (Abonnement)"}]},{"@type":"WebSite","@id":"https:\/\/edgetvqc.com\/#website","url":"https:\/\/edgetvqc.com\/","name":"Edge Tv Qu\u00e9bec","description":"","publisher":{"@id":"https:\/\/edgetvqc.com\/#organization"},"potentialAction":[{"@type":"SearchAction","target":{"@type":"EntryPoint","urlTemplate":"https:\/\/edgetvqc.com\/?s={search_term_string}"},"query-input":{"@type":"PropertyValueSpecification","valueRequired":true,"valueName":"search_term_string"}}],"inLanguage":"fr-CA"},{"@type":"Organization","@id":"https:\/\/edgetvqc.com\/#organization","name":"Edge Tv Qu\u00e9bec","url":"https:\/\/edgetvqc.com\/","logo":{"@type":"ImageObject","inLanguage":"fr-CA","@id":"https:\/\/edgetvqc.com\/#\/schema\/logo\/image\/","url":"https:\/\/edgetvqc.com\/wp-content\/uploads\/2025\/07\/cropped-EDGE-TV-Quebec.png","contentUrl":"https:\/\/edgetvqc.com\/wp-content\/uploads\/2025\/07\/cropped-EDGE-TV-Quebec.png","width":810,"height":655,"caption":"Edge Tv Qu\u00e9bec"},"image":{"@id":"https:\/\/edgetvqc.com\/#\/schema\/logo\/image\/"}}]}},"_links":{"self":[{"href":"https:\/\/edgetvqc.com\/index.php\/wp-json\/wp\/v2\/product\/365","targetHints":{"allow":["GET"]}}],"collection":[{"href":"https:\/\/edgetvqc.com\/index.php\/wp-json\/wp\/v2\/product"}],"about":[{"href":"https:\/\/edgetvqc.com\/index.php\/wp-json\/wp\/v2\/types\/product"}],"wp:featuredmedia":[{"embeddable":true,"href":"https:\/\/edgetvqc.com\/index.php\/wp-json\/wp\/v2\/media\/395"}],"wp:attachment":[{"href":"https:\/\/edgetvqc.com\/index.php\/wp-json\/wp\/v2\/media?parent=365"}],"wp:term":[{"taxonomy":"product_brand","embeddable":true,"href":"https:\/\/edgetvqc.com\/index.php\/wp-json\/wp\/v2\/product_brand?post=365"},{"taxonomy":"product_cat","embeddable":true,"href":"https:\/\/edgetvqc.com\/index.php\/wp-json\/wp\/v2\/product_cat?post=365"},{"taxonomy":"product_tag","embeddable":true,"href":"https:\/\/edgetvqc.com\/index.php\/wp-json\/wp\/v2\/product_tag?post=365"}],"curies":[{"name":"wp","href":"https:\/\/api.w.org\/{rel}","templated":true}]}}