{"id":520,"date":"2026-04-10T16:25:31","date_gmt":"2026-04-10T16:25:31","guid":{"rendered":"https:\/\/edgetvqc.com\/?post_type=product&#038;p=520"},"modified":"2026-04-10T16:25:33","modified_gmt":"2026-04-10T16:25:33","slug":"revendeur-credits-service-tele-qc","status":"publish","type":"product","link":"https:\/\/edgetvqc.com\/index.php\/product\/revendeur-credits-service-tele-qc\/","title":{"rendered":"Revendeur &#8211; Cr\u00e9dits Service t\u00e9l\u00e9 Qc"},"content":{"rendered":"<p>Achetez des cr\u00e9dits Service T\u00e9l\u00e9 QC en gros et g\u00e9rez vos propres clients via votre panel revendeur. Acc\u00e8s au panel revendeur inclus d\u00e8s 25 cr\u00e9dits. Acc\u00e8s au Super Panel \u00e0 partir de 300 cr\u00e9dits. Pour plus de 100 cr\u00e9dits, communiquez avec nous pour une tarification personnalis\u00e9e.<\/p>\n","protected":false},"excerpt":{"rendered":"<p>Panel revendeur Service T\u00e9l\u00e9 QC. Minimum 25 cr\u00e9dits. Sans contrat.<\/p>\n","protected":false},"featured_media":396,"template":"","meta":[],"product_brand":[],"product_cat":[22],"product_tag":[],"class_list":{"0":"post-520","1":"product","2":"type-product","3":"status-publish","4":"has-post-thumbnail","6":"product_cat-revendeur","8":"first","9":"instock","10":"shipping-taxable","11":"purchasable","12":"product-type-variable"},"yoast_head":"<!-- This site is optimized with the Yoast SEO plugin v27.3 - https:\/\/yoast.com\/product\/yoast-seo-wordpress\/ -->\n<title>Revendeur - Cr\u00e9dits Service t\u00e9l\u00e9 Qc - Edge Tv Qu\u00e9bec<\/title>\n<meta name=\"robots\" content=\"index, follow, max-snippet:-1, max-image-preview:large, max-video-preview:-1\" \/>\n<link rel=\"canonical\" href=\"https:\/\/edgetvqc.com\/index.php\/product\/revendeur-credits-service-tele-qc\/\" \/>\n<meta property=\"og:locale\" content=\"fr_CA\" \/>\n<meta property=\"og:type\" content=\"article\" \/>\n<meta property=\"og:title\" content=\"Revendeur - Cr\u00e9dits Service t\u00e9l\u00e9 Qc - Edge Tv Qu\u00e9bec\" \/>\n<meta property=\"og:description\" content=\"Panel revendeur Service T\u00e9l\u00e9 QC. Minimum 25 cr\u00e9dits. Sans contrat.\" \/>\n<meta property=\"og:url\" content=\"https:\/\/edgetvqc.com\/index.php\/product\/revendeur-credits-service-tele-qc\/\" \/>\n<meta property=\"og:site_name\" content=\"Edge Tv Qu\u00e9bec\" \/>\n<meta property=\"article:modified_time\" content=\"2026-04-10T16:25:33+00:00\" \/>\n<meta property=\"og:image\" content=\"https:\/\/edgetvqc.com\/wp-content\/uploads\/2026\/04\/ChatGPT-Image-25-mars-2026-10-h-35-min-06-s.png\" \/>\n\t<meta property=\"og:image:width\" content=\"1024\" \/>\n\t<meta property=\"og:image:height\" content=\"1024\" \/>\n\t<meta property=\"og:image:type\" content=\"image\/png\" \/>\n<meta name=\"twitter:card\" content=\"summary_large_image\" \/>\n<script type=\"application\/ld+json\" class=\"yoast-schema-graph\">{\"@context\":\"https:\\\/\\\/schema.org\",\"@graph\":[{\"@type\":\"WebPage\",\"@id\":\"https:\\\/\\\/edgetvqc.com\\\/index.php\\\/product\\\/revendeur-credits-service-tele-qc\\\/\",\"url\":\"https:\\\/\\\/edgetvqc.com\\\/index.php\\\/product\\\/revendeur-credits-service-tele-qc\\\/\",\"name\":\"Revendeur - Cr\u00e9dits Service t\u00e9l\u00e9 Qc - Edge Tv Qu\u00e9bec\",\"isPartOf\":{\"@id\":\"https:\\\/\\\/edgetvqc.com\\\/#website\"},\"primaryImageOfPage\":{\"@id\":\"https:\\\/\\\/edgetvqc.com\\\/index.php\\\/product\\\/revendeur-credits-service-tele-qc\\\/#primaryimage\"},\"image\":{\"@id\":\"https:\\\/\\\/edgetvqc.com\\\/index.php\\\/product\\\/revendeur-credits-service-tele-qc\\\/#primaryimage\"},\"thumbnailUrl\":\"https:\\\/\\\/edgetvqc.com\\\/wp-content\\\/uploads\\\/2026\\\/04\\\/ChatGPT-Image-25-mars-2026-10-h-35-min-06-s.png\",\"datePublished\":\"2026-04-10T16:25:31+00:00\",\"dateModified\":\"2026-04-10T16:25:33+00:00\",\"breadcrumb\":{\"@id\":\"https:\\\/\\\/edgetvqc.com\\\/index.php\\\/product\\\/revendeur-credits-service-tele-qc\\\/#breadcrumb\"},\"inLanguage\":\"fr-CA\",\"potentialAction\":[{\"@type\":\"ReadAction\",\"target\":[\"https:\\\/\\\/edgetvqc.com\\\/index.php\\\/product\\\/revendeur-credits-service-tele-qc\\\/\"]}]},{\"@type\":\"ImageObject\",\"inLanguage\":\"fr-CA\",\"@id\":\"https:\\\/\\\/edgetvqc.com\\\/index.php\\\/product\\\/revendeur-credits-service-tele-qc\\\/#primaryimage\",\"url\":\"https:\\\/\\\/edgetvqc.com\\\/wp-content\\\/uploads\\\/2026\\\/04\\\/ChatGPT-Image-25-mars-2026-10-h-35-min-06-s.png\",\"contentUrl\":\"https:\\\/\\\/edgetvqc.com\\\/wp-content\\\/uploads\\\/2026\\\/04\\\/ChatGPT-Image-25-mars-2026-10-h-35-min-06-s.png\",\"width\":1024,\"height\":1024},{\"@type\":\"BreadcrumbList\",\"@id\":\"https:\\\/\\\/edgetvqc.com\\\/index.php\\\/product\\\/revendeur-credits-service-tele-qc\\\/#breadcrumb\",\"itemListElement\":[{\"@type\":\"ListItem\",\"position\":1,\"name\":\"Accueil\",\"item\":\"https:\\\/\\\/edgetvqc.com\\\/\"},{\"@type\":\"ListItem\",\"position\":2,\"name\":\"Boutique\",\"item\":\"https:\\\/\\\/edgetvqc.com\\\/index.php\\\/boutique\\\/\"},{\"@type\":\"ListItem\",\"position\":3,\"name\":\"Revendeur &#8211; Cr\u00e9dits Service t\u00e9l\u00e9 Qc\"}]},{\"@type\":\"WebSite\",\"@id\":\"https:\\\/\\\/edgetvqc.com\\\/#website\",\"url\":\"https:\\\/\\\/edgetvqc.com\\\/\",\"name\":\"Edge Tv Qu\u00e9bec\",\"description\":\"\",\"publisher\":{\"@id\":\"https:\\\/\\\/edgetvqc.com\\\/#organization\"},\"potentialAction\":[{\"@type\":\"SearchAction\",\"target\":{\"@type\":\"EntryPoint\",\"urlTemplate\":\"https:\\\/\\\/edgetvqc.com\\\/?s={search_term_string}\"},\"query-input\":{\"@type\":\"PropertyValueSpecification\",\"valueRequired\":true,\"valueName\":\"search_term_string\"}}],\"inLanguage\":\"fr-CA\"},{\"@type\":\"Organization\",\"@id\":\"https:\\\/\\\/edgetvqc.com\\\/#organization\",\"name\":\"Edge Tv Qu\u00e9bec\",\"url\":\"https:\\\/\\\/edgetvqc.com\\\/\",\"logo\":{\"@type\":\"ImageObject\",\"inLanguage\":\"fr-CA\",\"@id\":\"https:\\\/\\\/edgetvqc.com\\\/#\\\/schema\\\/logo\\\/image\\\/\",\"url\":\"https:\\\/\\\/edgetvqc.com\\\/wp-content\\\/uploads\\\/2025\\\/07\\\/cropped-EDGE-TV-Quebec.png\",\"contentUrl\":\"https:\\\/\\\/edgetvqc.com\\\/wp-content\\\/uploads\\\/2025\\\/07\\\/cropped-EDGE-TV-Quebec.png\",\"width\":810,\"height\":655,\"caption\":\"Edge Tv Qu\u00e9bec\"},\"image\":{\"@id\":\"https:\\\/\\\/edgetvqc.com\\\/#\\\/schema\\\/logo\\\/image\\\/\"}}]}<\/script>\n<!-- \/ Yoast SEO plugin. -->","yoast_head_json":{"title":"Revendeur - Cr\u00e9dits Service t\u00e9l\u00e9 Qc - Edge Tv Qu\u00e9bec","robots":{"index":"index","follow":"follow","max-snippet":"max-snippet:-1","max-image-preview":"max-image-preview:large","max-video-preview":"max-video-preview:-1"},"canonical":"https:\/\/edgetvqc.com\/index.php\/product\/revendeur-credits-service-tele-qc\/","og_locale":"fr_CA","og_type":"article","og_title":"Revendeur - Cr\u00e9dits Service t\u00e9l\u00e9 Qc - Edge Tv Qu\u00e9bec","og_description":"Panel revendeur Service T\u00e9l\u00e9 QC. Minimum 25 cr\u00e9dits. Sans contrat.","og_url":"https:\/\/edgetvqc.com\/index.php\/product\/revendeur-credits-service-tele-qc\/","og_site_name":"Edge Tv Qu\u00e9bec","article_modified_time":"2026-04-10T16:25:33+00:00","og_image":[{"width":1024,"height":1024,"url":"https:\/\/edgetvqc.com\/wp-content\/uploads\/2026\/04\/ChatGPT-Image-25-mars-2026-10-h-35-min-06-s.png","type":"image\/png"}],"twitter_card":"summary_large_image","schema":{"@context":"https:\/\/schema.org","@graph":[{"@type":"WebPage","@id":"https:\/\/edgetvqc.com\/index.php\/product\/revendeur-credits-service-tele-qc\/","url":"https:\/\/edgetvqc.com\/index.php\/product\/revendeur-credits-service-tele-qc\/","name":"Revendeur - Cr\u00e9dits Service t\u00e9l\u00e9 Qc - Edge Tv Qu\u00e9bec","isPartOf":{"@id":"https:\/\/edgetvqc.com\/#website"},"primaryImageOfPage":{"@id":"https:\/\/edgetvqc.com\/index.php\/product\/revendeur-credits-service-tele-qc\/#primaryimage"},"image":{"@id":"https:\/\/edgetvqc.com\/index.php\/product\/revendeur-credits-service-tele-qc\/#primaryimage"},"thumbnailUrl":"https:\/\/edgetvqc.com\/wp-content\/uploads\/2026\/04\/ChatGPT-Image-25-mars-2026-10-h-35-min-06-s.png","datePublished":"2026-04-10T16:25:31+00:00","dateModified":"2026-04-10T16:25:33+00:00","breadcrumb":{"@id":"https:\/\/edgetvqc.com\/index.php\/product\/revendeur-credits-service-tele-qc\/#breadcrumb"},"inLanguage":"fr-CA","potentialAction":[{"@type":"ReadAction","target":["https:\/\/edgetvqc.com\/index.php\/product\/revendeur-credits-service-tele-qc\/"]}]},{"@type":"ImageObject","inLanguage":"fr-CA","@id":"https:\/\/edgetvqc.com\/index.php\/product\/revendeur-credits-service-tele-qc\/#primaryimage","url":"https:\/\/edgetvqc.com\/wp-content\/uploads\/2026\/04\/ChatGPT-Image-25-mars-2026-10-h-35-min-06-s.png","contentUrl":"https:\/\/edgetvqc.com\/wp-content\/uploads\/2026\/04\/ChatGPT-Image-25-mars-2026-10-h-35-min-06-s.png","width":1024,"height":1024},{"@type":"BreadcrumbList","@id":"https:\/\/edgetvqc.com\/index.php\/product\/revendeur-credits-service-tele-qc\/#breadcrumb","itemListElement":[{"@type":"ListItem","position":1,"name":"Accueil","item":"https:\/\/edgetvqc.com\/"},{"@type":"ListItem","position":2,"name":"Boutique","item":"https:\/\/edgetvqc.com\/index.php\/boutique\/"},{"@type":"ListItem","position":3,"name":"Revendeur &#8211; Cr\u00e9dits Service t\u00e9l\u00e9 Qc"}]},{"@type":"WebSite","@id":"https:\/\/edgetvqc.com\/#website","url":"https:\/\/edgetvqc.com\/","name":"Edge Tv Qu\u00e9bec","description":"","publisher":{"@id":"https:\/\/edgetvqc.com\/#organization"},"potentialAction":[{"@type":"SearchAction","target":{"@type":"EntryPoint","urlTemplate":"https:\/\/edgetvqc.com\/?s={search_term_string}"},"query-input":{"@type":"PropertyValueSpecification","valueRequired":true,"valueName":"search_term_string"}}],"inLanguage":"fr-CA"},{"@type":"Organization","@id":"https:\/\/edgetvqc.com\/#organization","name":"Edge Tv Qu\u00e9bec","url":"https:\/\/edgetvqc.com\/","logo":{"@type":"ImageObject","inLanguage":"fr-CA","@id":"https:\/\/edgetvqc.com\/#\/schema\/logo\/image\/","url":"https:\/\/edgetvqc.com\/wp-content\/uploads\/2025\/07\/cropped-EDGE-TV-Quebec.png","contentUrl":"https:\/\/edgetvqc.com\/wp-content\/uploads\/2025\/07\/cropped-EDGE-TV-Quebec.png","width":810,"height":655,"caption":"Edge Tv Qu\u00e9bec"},"image":{"@id":"https:\/\/edgetvqc.com\/#\/schema\/logo\/image\/"}}]}},"_links":{"self":[{"href":"https:\/\/edgetvqc.com\/index.php\/wp-json\/wp\/v2\/product\/520","targetHints":{"allow":["GET"]}}],"collection":[{"href":"https:\/\/edgetvqc.com\/index.php\/wp-json\/wp\/v2\/product"}],"about":[{"href":"https:\/\/edgetvqc.com\/index.php\/wp-json\/wp\/v2\/types\/product"}],"wp:featuredmedia":[{"embeddable":true,"href":"https:\/\/edgetvqc.com\/index.php\/wp-json\/wp\/v2\/media\/396"}],"wp:attachment":[{"href":"https:\/\/edgetvqc.com\/index.php\/wp-json\/wp\/v2\/media?parent=520"}],"wp:term":[{"taxonomy":"product_brand","embeddable":true,"href":"https:\/\/edgetvqc.com\/index.php\/wp-json\/wp\/v2\/product_brand?post=520"},{"taxonomy":"product_cat","embeddable":true,"href":"https:\/\/edgetvqc.com\/index.php\/wp-json\/wp\/v2\/product_cat?post=520"},{"taxonomy":"product_tag","embeddable":true,"href":"https:\/\/edgetvqc.com\/index.php\/wp-json\/wp\/v2\/product_tag?post=520"}],"curies":[{"name":"wp","href":"https:\/\/api.w.org\/{rel}","templated":true}]}}