{"id":521,"date":"2026-04-10T16:25:31","date_gmt":"2026-04-10T16:25:31","guid":{"rendered":"https:\/\/edgetvqc.com\/?post_type=product&#038;p=521"},"modified":"2026-04-10T16:25:33","modified_gmt":"2026-04-10T16:25:33","slug":"revendeur-credits-oh-ben-tv-pro","status":"publish","type":"product","link":"https:\/\/edgetvqc.com\/index.php\/product\/revendeur-credits-oh-ben-tv-pro\/","title":{"rendered":"Revendeur &#8211; Cr\u00e9dits Oh-Ben Tv pro"},"content":{"rendered":"<p>Achetez des cr\u00e9dits Oh-Ben TV PRO en gros et g\u00e9rez vos propres clients via votre panel revendeur. Acc\u00e8s au panel revendeur inclus d\u00e8s 25 cr\u00e9dits. Acc\u00e8s au Super Panel \u00e0 partir de 300 cr\u00e9dits. Pour plus de 100 cr\u00e9dits, communiquez avec nous pour une tarification personnalis\u00e9e.<\/p>\n","protected":false},"excerpt":{"rendered":"<p>Panel revendeur Oh-Ben TV PRO. Minimum 25 cr\u00e9dits. Sans contrat.<\/p>\n","protected":false},"featured_media":394,"template":"","meta":[],"product_brand":[],"product_cat":[22],"product_tag":[],"class_list":{"0":"post-521","1":"product","2":"type-product","3":"status-publish","4":"has-post-thumbnail","6":"product_cat-revendeur","8":"first","9":"instock","10":"shipping-taxable","11":"purchasable","12":"product-type-variable"},"yoast_head":"<!-- This site is optimized with the Yoast SEO plugin v27.3 - https:\/\/yoast.com\/product\/yoast-seo-wordpress\/ -->\n<title>Revendeur - Cr\u00e9dits Oh-Ben Tv pro - Edge Tv Qu\u00e9bec<\/title>\n<meta name=\"robots\" content=\"index, follow, max-snippet:-1, max-image-preview:large, max-video-preview:-1\" \/>\n<link rel=\"canonical\" href=\"https:\/\/edgetvqc.com\/index.php\/product\/revendeur-credits-oh-ben-tv-pro\/\" \/>\n<meta property=\"og:locale\" content=\"fr_CA\" \/>\n<meta property=\"og:type\" content=\"article\" \/>\n<meta property=\"og:title\" content=\"Revendeur - Cr\u00e9dits Oh-Ben Tv pro - Edge Tv Qu\u00e9bec\" \/>\n<meta property=\"og:description\" content=\"Panel revendeur Oh-Ben TV PRO. Minimum 25 cr\u00e9dits. Sans contrat.\" \/>\n<meta property=\"og:url\" content=\"https:\/\/edgetvqc.com\/index.php\/product\/revendeur-credits-oh-ben-tv-pro\/\" \/>\n<meta property=\"og:site_name\" content=\"Edge Tv Qu\u00e9bec\" \/>\n<meta property=\"article:modified_time\" content=\"2026-04-10T16:25:33+00:00\" \/>\n<meta property=\"og:image\" content=\"https:\/\/edgetvqc.com\/wp-content\/uploads\/2026\/04\/oh-bentv-service-PRO-boutique.jpg\" \/>\n\t<meta property=\"og:image:width\" content=\"500\" \/>\n\t<meta property=\"og:image:height\" content=\"500\" \/>\n\t<meta property=\"og:image:type\" content=\"image\/jpeg\" \/>\n<meta name=\"twitter:card\" content=\"summary_large_image\" \/>\n<meta name=\"twitter:label1\" content=\"Estimation du temps de lecture\" \/>\n\t<meta name=\"twitter:data1\" content=\"1 minute\" \/>\n<script type=\"application\/ld+json\" class=\"yoast-schema-graph\">{\"@context\":\"https:\\\/\\\/schema.org\",\"@graph\":[{\"@type\":\"WebPage\",\"@id\":\"https:\\\/\\\/edgetvqc.com\\\/index.php\\\/product\\\/revendeur-credits-oh-ben-tv-pro\\\/\",\"url\":\"https:\\\/\\\/edgetvqc.com\\\/index.php\\\/product\\\/revendeur-credits-oh-ben-tv-pro\\\/\",\"name\":\"Revendeur - Cr\u00e9dits Oh-Ben Tv pro - Edge Tv Qu\u00e9bec\",\"isPartOf\":{\"@id\":\"https:\\\/\\\/edgetvqc.com\\\/#website\"},\"primaryImageOfPage\":{\"@id\":\"https:\\\/\\\/edgetvqc.com\\\/index.php\\\/product\\\/revendeur-credits-oh-ben-tv-pro\\\/#primaryimage\"},\"image\":{\"@id\":\"https:\\\/\\\/edgetvqc.com\\\/index.php\\\/product\\\/revendeur-credits-oh-ben-tv-pro\\\/#primaryimage\"},\"thumbnailUrl\":\"https:\\\/\\\/edgetvqc.com\\\/wp-content\\\/uploads\\\/2026\\\/04\\\/oh-bentv-service-PRO-boutique.jpg\",\"datePublished\":\"2026-04-10T16:25:31+00:00\",\"dateModified\":\"2026-04-10T16:25:33+00:00\",\"breadcrumb\":{\"@id\":\"https:\\\/\\\/edgetvqc.com\\\/index.php\\\/product\\\/revendeur-credits-oh-ben-tv-pro\\\/#breadcrumb\"},\"inLanguage\":\"fr-CA\",\"potentialAction\":[{\"@type\":\"ReadAction\",\"target\":[\"https:\\\/\\\/edgetvqc.com\\\/index.php\\\/product\\\/revendeur-credits-oh-ben-tv-pro\\\/\"]}]},{\"@type\":\"ImageObject\",\"inLanguage\":\"fr-CA\",\"@id\":\"https:\\\/\\\/edgetvqc.com\\\/index.php\\\/product\\\/revendeur-credits-oh-ben-tv-pro\\\/#primaryimage\",\"url\":\"https:\\\/\\\/edgetvqc.com\\\/wp-content\\\/uploads\\\/2026\\\/04\\\/oh-bentv-service-PRO-boutique.jpg\",\"contentUrl\":\"https:\\\/\\\/edgetvqc.com\\\/wp-content\\\/uploads\\\/2026\\\/04\\\/oh-bentv-service-PRO-boutique.jpg\",\"width\":500,\"height\":500},{\"@type\":\"BreadcrumbList\",\"@id\":\"https:\\\/\\\/edgetvqc.com\\\/index.php\\\/product\\\/revendeur-credits-oh-ben-tv-pro\\\/#breadcrumb\",\"itemListElement\":[{\"@type\":\"ListItem\",\"position\":1,\"name\":\"Accueil\",\"item\":\"https:\\\/\\\/edgetvqc.com\\\/\"},{\"@type\":\"ListItem\",\"position\":2,\"name\":\"Boutique\",\"item\":\"https:\\\/\\\/edgetvqc.com\\\/index.php\\\/boutique\\\/\"},{\"@type\":\"ListItem\",\"position\":3,\"name\":\"Revendeur &#8211; Cr\u00e9dits Oh-Ben Tv pro\"}]},{\"@type\":\"WebSite\",\"@id\":\"https:\\\/\\\/edgetvqc.com\\\/#website\",\"url\":\"https:\\\/\\\/edgetvqc.com\\\/\",\"name\":\"Edge Tv Qu\u00e9bec\",\"description\":\"\",\"publisher\":{\"@id\":\"https:\\\/\\\/edgetvqc.com\\\/#organization\"},\"potentialAction\":[{\"@type\":\"SearchAction\",\"target\":{\"@type\":\"EntryPoint\",\"urlTemplate\":\"https:\\\/\\\/edgetvqc.com\\\/?s={search_term_string}\"},\"query-input\":{\"@type\":\"PropertyValueSpecification\",\"valueRequired\":true,\"valueName\":\"search_term_string\"}}],\"inLanguage\":\"fr-CA\"},{\"@type\":\"Organization\",\"@id\":\"https:\\\/\\\/edgetvqc.com\\\/#organization\",\"name\":\"Edge Tv Qu\u00e9bec\",\"url\":\"https:\\\/\\\/edgetvqc.com\\\/\",\"logo\":{\"@type\":\"ImageObject\",\"inLanguage\":\"fr-CA\",\"@id\":\"https:\\\/\\\/edgetvqc.com\\\/#\\\/schema\\\/logo\\\/image\\\/\",\"url\":\"https:\\\/\\\/edgetvqc.com\\\/wp-content\\\/uploads\\\/2025\\\/07\\\/cropped-EDGE-TV-Quebec.png\",\"contentUrl\":\"https:\\\/\\\/edgetvqc.com\\\/wp-content\\\/uploads\\\/2025\\\/07\\\/cropped-EDGE-TV-Quebec.png\",\"width\":810,\"height\":655,\"caption\":\"Edge Tv Qu\u00e9bec\"},\"image\":{\"@id\":\"https:\\\/\\\/edgetvqc.com\\\/#\\\/schema\\\/logo\\\/image\\\/\"}}]}<\/script>\n<!-- \/ Yoast SEO plugin. -->","yoast_head_json":{"title":"Revendeur - Cr\u00e9dits Oh-Ben Tv pro - Edge Tv Qu\u00e9bec","robots":{"index":"index","follow":"follow","max-snippet":"max-snippet:-1","max-image-preview":"max-image-preview:large","max-video-preview":"max-video-preview:-1"},"canonical":"https:\/\/edgetvqc.com\/index.php\/product\/revendeur-credits-oh-ben-tv-pro\/","og_locale":"fr_CA","og_type":"article","og_title":"Revendeur - Cr\u00e9dits Oh-Ben Tv pro - Edge Tv Qu\u00e9bec","og_description":"Panel revendeur Oh-Ben TV PRO. Minimum 25 cr\u00e9dits. Sans contrat.","og_url":"https:\/\/edgetvqc.com\/index.php\/product\/revendeur-credits-oh-ben-tv-pro\/","og_site_name":"Edge Tv Qu\u00e9bec","article_modified_time":"2026-04-10T16:25:33+00:00","og_image":[{"width":500,"height":500,"url":"https:\/\/edgetvqc.com\/wp-content\/uploads\/2026\/04\/oh-bentv-service-PRO-boutique.jpg","type":"image\/jpeg"}],"twitter_card":"summary_large_image","twitter_misc":{"Estimation du temps de lecture":"1 minute"},"schema":{"@context":"https:\/\/schema.org","@graph":[{"@type":"WebPage","@id":"https:\/\/edgetvqc.com\/index.php\/product\/revendeur-credits-oh-ben-tv-pro\/","url":"https:\/\/edgetvqc.com\/index.php\/product\/revendeur-credits-oh-ben-tv-pro\/","name":"Revendeur - Cr\u00e9dits Oh-Ben Tv pro - Edge Tv Qu\u00e9bec","isPartOf":{"@id":"https:\/\/edgetvqc.com\/#website"},"primaryImageOfPage":{"@id":"https:\/\/edgetvqc.com\/index.php\/product\/revendeur-credits-oh-ben-tv-pro\/#primaryimage"},"image":{"@id":"https:\/\/edgetvqc.com\/index.php\/product\/revendeur-credits-oh-ben-tv-pro\/#primaryimage"},"thumbnailUrl":"https:\/\/edgetvqc.com\/wp-content\/uploads\/2026\/04\/oh-bentv-service-PRO-boutique.jpg","datePublished":"2026-04-10T16:25:31+00:00","dateModified":"2026-04-10T16:25:33+00:00","breadcrumb":{"@id":"https:\/\/edgetvqc.com\/index.php\/product\/revendeur-credits-oh-ben-tv-pro\/#breadcrumb"},"inLanguage":"fr-CA","potentialAction":[{"@type":"ReadAction","target":["https:\/\/edgetvqc.com\/index.php\/product\/revendeur-credits-oh-ben-tv-pro\/"]}]},{"@type":"ImageObject","inLanguage":"fr-CA","@id":"https:\/\/edgetvqc.com\/index.php\/product\/revendeur-credits-oh-ben-tv-pro\/#primaryimage","url":"https:\/\/edgetvqc.com\/wp-content\/uploads\/2026\/04\/oh-bentv-service-PRO-boutique.jpg","contentUrl":"https:\/\/edgetvqc.com\/wp-content\/uploads\/2026\/04\/oh-bentv-service-PRO-boutique.jpg","width":500,"height":500},{"@type":"BreadcrumbList","@id":"https:\/\/edgetvqc.com\/index.php\/product\/revendeur-credits-oh-ben-tv-pro\/#breadcrumb","itemListElement":[{"@type":"ListItem","position":1,"name":"Accueil","item":"https:\/\/edgetvqc.com\/"},{"@type":"ListItem","position":2,"name":"Boutique","item":"https:\/\/edgetvqc.com\/index.php\/boutique\/"},{"@type":"ListItem","position":3,"name":"Revendeur &#8211; Cr\u00e9dits Oh-Ben Tv pro"}]},{"@type":"WebSite","@id":"https:\/\/edgetvqc.com\/#website","url":"https:\/\/edgetvqc.com\/","name":"Edge Tv Qu\u00e9bec","description":"","publisher":{"@id":"https:\/\/edgetvqc.com\/#organization"},"potentialAction":[{"@type":"SearchAction","target":{"@type":"EntryPoint","urlTemplate":"https:\/\/edgetvqc.com\/?s={search_term_string}"},"query-input":{"@type":"PropertyValueSpecification","valueRequired":true,"valueName":"search_term_string"}}],"inLanguage":"fr-CA"},{"@type":"Organization","@id":"https:\/\/edgetvqc.com\/#organization","name":"Edge Tv Qu\u00e9bec","url":"https:\/\/edgetvqc.com\/","logo":{"@type":"ImageObject","inLanguage":"fr-CA","@id":"https:\/\/edgetvqc.com\/#\/schema\/logo\/image\/","url":"https:\/\/edgetvqc.com\/wp-content\/uploads\/2025\/07\/cropped-EDGE-TV-Quebec.png","contentUrl":"https:\/\/edgetvqc.com\/wp-content\/uploads\/2025\/07\/cropped-EDGE-TV-Quebec.png","width":810,"height":655,"caption":"Edge Tv Qu\u00e9bec"},"image":{"@id":"https:\/\/edgetvqc.com\/#\/schema\/logo\/image\/"}}]}},"_links":{"self":[{"href":"https:\/\/edgetvqc.com\/index.php\/wp-json\/wp\/v2\/product\/521","targetHints":{"allow":["GET"]}}],"collection":[{"href":"https:\/\/edgetvqc.com\/index.php\/wp-json\/wp\/v2\/product"}],"about":[{"href":"https:\/\/edgetvqc.com\/index.php\/wp-json\/wp\/v2\/types\/product"}],"wp:featuredmedia":[{"embeddable":true,"href":"https:\/\/edgetvqc.com\/index.php\/wp-json\/wp\/v2\/media\/394"}],"wp:attachment":[{"href":"https:\/\/edgetvqc.com\/index.php\/wp-json\/wp\/v2\/media?parent=521"}],"wp:term":[{"taxonomy":"product_brand","embeddable":true,"href":"https:\/\/edgetvqc.com\/index.php\/wp-json\/wp\/v2\/product_brand?post=521"},{"taxonomy":"product_cat","embeddable":true,"href":"https:\/\/edgetvqc.com\/index.php\/wp-json\/wp\/v2\/product_cat?post=521"},{"taxonomy":"product_tag","embeddable":true,"href":"https:\/\/edgetvqc.com\/index.php\/wp-json\/wp\/v2\/product_tag?post=521"}],"curies":[{"name":"wp","href":"https:\/\/api.w.org\/{rel}","templated":true}]}}